{"id":1002,"date":"2024-11-25T22:26:03","date_gmt":"2024-11-25T21:26:03","guid":{"rendered":"https:\/\/bordaignasia.com\/where-are-we\/"},"modified":"2025-05-15T12:18:22","modified_gmt":"2025-05-15T11:18:22","slug":"where-are-we","status":"publish","type":"page","link":"https:\/\/bordaignasia.com\/en\/where-are-we\/","title":{"rendered":"Where are we?"},"content":{"rendered":"\t\t<div data-elementor-type=\"wp-page\" data-elementor-id=\"1002\" class=\"elementor elementor-1002 elementor-22\" data-elementor-post-type=\"page\">\n\t\t\t\t<div class=\"elementor-element elementor-element-780b8093 e-con-full e-flex e-con e-parent\" data-id=\"780b8093\" data-element_type=\"container\" data-e-type=\"container\" data-settings=\"{&quot;background_background&quot;:&quot;classic&quot;}\">\n\t\t<div class=\"elementor-element elementor-element-9e4359c e-con-full e-flex e-con e-child\" data-id=\"9e4359c\" data-element_type=\"container\" data-e-type=\"container\">\n\t\t\t\t<div class=\"elementor-element elementor-element-32ed91ec elementor-widget elementor-widget-heading\" data-id=\"32ed91ec\" data-element_type=\"widget\" data-e-type=\"widget\" data-widget_type=\"heading.default\">\n\t\t\t\t<div class=\"elementor-widget-container\">\n\t\t\t\t\t<h2 class=\"elementor-heading-title elementor-size-default\">Between Al\u00f3s and Montgarri, in the heart of Vall de Bonab\u00e9.<\/h2>\t\t\t\t<\/div>\n\t\t\t\t<\/div>\n\t\t\t\t<div class=\"elementor-element elementor-element-7a3dc3ff elementor-widget elementor-widget-text-editor\" data-id=\"7a3dc3ff\" data-element_type=\"widget\" data-e-type=\"widget\" data-widget_type=\"text-editor.default\">\n\t\t\t\t<div class=\"elementor-widget-container\">\n\t\t\t\t\t\t\t\t\t<p>21 km from Esterri d&#8217;\u00c0neu and 15 km from Pla de Beret.<\/p><p>If you come from Vall d&#8217;Aran, the track is only suitable for 4&#215;4 or high SUVS. If you come from Vall d&#8217;\u00c0neu, you can arrive with any type of vehicle. <\/p><p>Reservations and questions, send a WhatsApp message to the phone number +34 636 51 52 01.<\/p>\t\t\t\t\t\t\t\t<\/div>\n\t\t\t\t<\/div>\n\t\t\t\t<div class=\"elementor-element elementor-element-e62bfa8 elementor-mobile-align-justify elementor-widget elementor-widget-button\" data-id=\"e62bfa8\" data-element_type=\"widget\" data-e-type=\"widget\" data-widget_type=\"button.default\">\n\t\t\t\t<div class=\"elementor-widget-container\">\n\t\t\t\t\t\t\t\t\t<div class=\"elementor-button-wrapper\">\n\t\t\t\t\t<a class=\"elementor-button elementor-button-link elementor-size-sm\" href=\"https:\/\/www.google.com\/maps?sca_esv=3a731ebfaf96ad84&#038;rlz=1C5CHFA_enES948ES948&#038;output=search&#038;q=borda+ignasia&#038;source=lnms&#038;fbs=AEQNm0CbCVgAZ5mWEJDg6aoPVcBgWizR0-0aFOH11Sb5tlNhdwTBRAFlvB_IDmZx89cGs2vVZfonCCk19sih0wYVQ8ov1d_KAogqfgNbM2KyxL1ncvJG67fJnbEmbL-1K-u3SiMT8kg1FOxF-Oor-MCKhQZR7M477WJTC1nZdXhuB_MTc-pEkQCGE2-Mk4eMUgtaHduVEEcYnqNhlFDsKFI88j-wOE2LfA&#038;entry=mc&#038;ved=1t:200715&#038;ictx=111\">\n\t\t\t\t\t\t<span class=\"elementor-button-content-wrapper\">\n\t\t\t\t\t\t\t\t\t<span class=\"elementor-button-text\">See the map<\/span>\n\t\t\t\t\t<\/span>\n\t\t\t\t\t<\/a>\n\t\t\t\t<\/div>\n\t\t\t\t\t\t\t\t<\/div>\n\t\t\t\t<\/div>\n\t\t\t\t<\/div>\n\t\t\t\t<div class=\"elementor-element elementor-element-2ced9ed6 elementor-widget__width-inherit elementor-widget elementor-widget-image\" data-id=\"2ced9ed6\" data-element_type=\"widget\" data-e-type=\"widget\" data-widget_type=\"image.default\">\n\t\t\t\t<div class=\"elementor-widget-container\">\n\t\t\t\t\t\t\t\t\t\t\t\t\t\t\t<img fetchpriority=\"high\" decoding=\"async\" width=\"683\" height=\"1024\" src=\"https:\/\/bordaignasia.com\/wp-content\/uploads\/2024\/11\/@photobymuchocamino_NA_BORDAiGNASIA-3_websize-683x1024.jpg\" class=\"attachment-large size-large wp-image-1003\" alt=\"\" srcset=\"https:\/\/bordaignasia.com\/wp-content\/uploads\/2024\/11\/@photobymuchocamino_NA_BORDAiGNASIA-3_websize-683x1024.jpg 683w, https:\/\/bordaignasia.com\/wp-content\/uploads\/2024\/11\/@photobymuchocamino_NA_BORDAiGNASIA-3_websize-200x300.jpg 200w, https:\/\/bordaignasia.com\/wp-content\/uploads\/2024\/11\/@photobymuchocamino_NA_BORDAiGNASIA-3_websize-768x1152.jpg 768w, https:\/\/bordaignasia.com\/wp-content\/uploads\/2024\/11\/@photobymuchocamino_NA_BORDAiGNASIA-3_websize-1024x1536.jpg 1024w, https:\/\/bordaignasia.com\/wp-content\/uploads\/2024\/11\/@photobymuchocamino_NA_BORDAiGNASIA-3_websize.jpg 1067w\" sizes=\"(max-width: 683px) 100vw, 683px\" \/>\t\t\t\t\t\t\t\t\t\t\t\t\t\t\t<\/div>\n\t\t\t\t<\/div>\n\t\t\t\t<\/div>\n\t\t<div class=\"elementor-element elementor-element-645adda e-con-full e-flex e-con e-parent\" data-id=\"645adda\" data-element_type=\"container\" data-e-type=\"container\">\n\t\t\t\t<div class=\"elementor-element elementor-element-44c7a72 elementor-widget elementor-widget-html\" data-id=\"44c7a72\" data-element_type=\"widget\" data-e-type=\"widget\" data-widget_type=\"html.default\">\n\t\t\t\t<div class=\"elementor-widget-container\">\n\t\t\t\t\t<iframe src=\"https:\/\/www.google.com\/maps\/embed?pb=!1m14!1m8!1m3!1d11871.9576109163!2d1.092472!3d42.749428!3m2!1i1024!2i768!4f13.1!3m3!1m2!1s0x12a8b0fc84ac3a33%3A0xdd1f3bb1d8498fda!2sBorda%20Ignasia!5e1!3m2!1ses!2sus!4v1732745400538!5m2!1ses!2sus\" width=\"800\" height=\"700\" style=\"border:0;\" allowfullscreen=\"\" loading=\"lazy\" referrerpolicy=\"no-referrer-when-downgrade\"><\/iframe>\t\t\t\t<\/div>\n\t\t\t\t<\/div>\n\t\t\t\t<\/div>\n\t\t\t\t<\/div>\n\t\t","protected":false},"excerpt":{"rendered":"<p>Between Al\u00f3s and Montgarri, in the heart of Vall de Bonab\u00e9. 21 km from Esterri d&#8217;\u00c0neu and 15 km from Pla de Beret. If you come from Vall d&#8217;Aran, the track is only suitable for 4&#215;4 or high SUVS. If you come from Vall d&#8217;\u00c0neu, you can arrive with any type of vehicle. Reservations and [&hellip;]<\/p>\n","protected":false},"author":2,"featured_media":0,"parent":0,"menu_order":0,"comment_status":"closed","ping_status":"closed","template":"","meta":{"footnotes":""},"class_list":["post-1002","page","type-page","status-publish","hentry"],"yoast_head":"<!-- This site is optimized with the Yoast SEO plugin v27.4 - https:\/\/yoast.com\/product\/yoast-seo-wordpress\/ -->\n<title>Where are we? - Borda Ignasia<\/title>\n<meta name=\"robots\" content=\"index, follow, max-snippet:-1, max-image-preview:large, max-video-preview:-1\" \/>\n<link rel=\"canonical\" href=\"https:\/\/bordaignasia.com\/en\/where-are-we\/\" \/>\n<meta property=\"og:locale\" content=\"en_US\" \/>\n<meta property=\"og:type\" content=\"article\" \/>\n<meta property=\"og:title\" content=\"Where are we? - Borda Ignasia\" \/>\n<meta property=\"og:description\" content=\"Between Al\u00f3s and Montgarri, in the heart of Vall de Bonab\u00e9. 21 km from Esterri d&#8217;\u00c0neu and 15 km from Pla de Beret. If you come from Vall d&#8217;Aran, the track is only suitable for 4&#215;4 or high SUVS. If you come from Vall d&#8217;\u00c0neu, you can arrive with any type of vehicle. Reservations and [&hellip;]\" \/>\n<meta property=\"og:url\" content=\"https:\/\/bordaignasia.com\/en\/where-are-we\/\" \/>\n<meta property=\"og:site_name\" content=\"Borda Ignasia\" \/>\n<meta property=\"article:modified_time\" content=\"2025-05-15T11:18:22+00:00\" \/>\n<meta property=\"og:image\" content=\"https:\/\/bordaignasia.com\/wp-content\/uploads\/2024\/11\/@photobymuchocamino_NA_BORDAiGNASIA-3_websize-683x1024.jpg\" \/>\n<meta name=\"twitter:card\" content=\"summary_large_image\" \/>\n<script type=\"application\/ld+json\" class=\"yoast-schema-graph\">{\"@context\":\"https:\\\/\\\/schema.org\",\"@graph\":[{\"@type\":\"WebPage\",\"@id\":\"https:\\\/\\\/bordaignasia.com\\\/en\\\/where-are-we\\\/\",\"url\":\"https:\\\/\\\/bordaignasia.com\\\/en\\\/where-are-we\\\/\",\"name\":\"Where are we? - Borda Ignasia\",\"isPartOf\":{\"@id\":\"https:\\\/\\\/bordaignasia.com\\\/en\\\/#website\"},\"primaryImageOfPage\":{\"@id\":\"https:\\\/\\\/bordaignasia.com\\\/en\\\/where-are-we\\\/#primaryimage\"},\"image\":{\"@id\":\"https:\\\/\\\/bordaignasia.com\\\/en\\\/where-are-we\\\/#primaryimage\"},\"thumbnailUrl\":\"https:\\\/\\\/bordaignasia.com\\\/wp-content\\\/uploads\\\/2024\\\/11\\\/@photobymuchocamino_NA_BORDAiGNASIA-3_websize-683x1024.jpg\",\"datePublished\":\"2024-11-25T21:26:03+00:00\",\"dateModified\":\"2025-05-15T11:18:22+00:00\",\"breadcrumb\":{\"@id\":\"https:\\\/\\\/bordaignasia.com\\\/en\\\/where-are-we\\\/#breadcrumb\"},\"inLanguage\":\"en-US\",\"potentialAction\":[{\"@type\":\"ReadAction\",\"target\":[\"https:\\\/\\\/bordaignasia.com\\\/en\\\/where-are-we\\\/\"]}]},{\"@type\":\"ImageObject\",\"inLanguage\":\"en-US\",\"@id\":\"https:\\\/\\\/bordaignasia.com\\\/en\\\/where-are-we\\\/#primaryimage\",\"url\":\"https:\\\/\\\/bordaignasia.com\\\/wp-content\\\/uploads\\\/2024\\\/11\\\/@photobymuchocamino_NA_BORDAiGNASIA-3_websize-683x1024.jpg\",\"contentUrl\":\"https:\\\/\\\/bordaignasia.com\\\/wp-content\\\/uploads\\\/2024\\\/11\\\/@photobymuchocamino_NA_BORDAiGNASIA-3_websize-683x1024.jpg\"},{\"@type\":\"BreadcrumbList\",\"@id\":\"https:\\\/\\\/bordaignasia.com\\\/en\\\/where-are-we\\\/#breadcrumb\",\"itemListElement\":[{\"@type\":\"ListItem\",\"position\":1,\"name\":\"Inici\",\"item\":\"https:\\\/\\\/bordaignasia.com\\\/en\\\/\"},{\"@type\":\"ListItem\",\"position\":2,\"name\":\"Where are we?\"}]},{\"@type\":\"WebSite\",\"@id\":\"https:\\\/\\\/bordaignasia.com\\\/en\\\/#website\",\"url\":\"https:\\\/\\\/bordaignasia.com\\\/en\\\/\",\"name\":\"Borda Ignasia\",\"description\":\"Mountain Bistrot\",\"publisher\":{\"@id\":\"https:\\\/\\\/bordaignasia.com\\\/en\\\/#organization\"},\"potentialAction\":[{\"@type\":\"SearchAction\",\"target\":{\"@type\":\"EntryPoint\",\"urlTemplate\":\"https:\\\/\\\/bordaignasia.com\\\/en\\\/?s={search_term_string}\"},\"query-input\":{\"@type\":\"PropertyValueSpecification\",\"valueRequired\":true,\"valueName\":\"search_term_string\"}}],\"inLanguage\":\"en-US\"},{\"@type\":\"Organization\",\"@id\":\"https:\\\/\\\/bordaignasia.com\\\/en\\\/#organization\",\"name\":\"Borda Ignasia\",\"url\":\"https:\\\/\\\/bordaignasia.com\\\/en\\\/\",\"logo\":{\"@type\":\"ImageObject\",\"inLanguage\":\"en-US\",\"@id\":\"https:\\\/\\\/bordaignasia.com\\\/en\\\/#\\\/schema\\\/logo\\\/image\\\/\",\"url\":\"https:\\\/\\\/bordaignasia.com\\\/wp-content\\\/uploads\\\/2024\\\/11\\\/logo-borda.svg\",\"contentUrl\":\"https:\\\/\\\/bordaignasia.com\\\/wp-content\\\/uploads\\\/2024\\\/11\\\/logo-borda.svg\",\"width\":465,\"height\":155,\"caption\":\"Borda Ignasia\"},\"image\":{\"@id\":\"https:\\\/\\\/bordaignasia.com\\\/en\\\/#\\\/schema\\\/logo\\\/image\\\/\"}}]}<\/script>\n<!-- \/ Yoast SEO plugin. -->","yoast_head_json":{"title":"Where are we? - Borda Ignasia","robots":{"index":"index","follow":"follow","max-snippet":"max-snippet:-1","max-image-preview":"max-image-preview:large","max-video-preview":"max-video-preview:-1"},"canonical":"https:\/\/bordaignasia.com\/en\/where-are-we\/","og_locale":"en_US","og_type":"article","og_title":"Where are we? - Borda Ignasia","og_description":"Between Al\u00f3s and Montgarri, in the heart of Vall de Bonab\u00e9. 21 km from Esterri d&#8217;\u00c0neu and 15 km from Pla de Beret. If you come from Vall d&#8217;Aran, the track is only suitable for 4&#215;4 or high SUVS. If you come from Vall d&#8217;\u00c0neu, you can arrive with any type of vehicle. Reservations and [&hellip;]","og_url":"https:\/\/bordaignasia.com\/en\/where-are-we\/","og_site_name":"Borda Ignasia","article_modified_time":"2025-05-15T11:18:22+00:00","og_image":[{"url":"https:\/\/bordaignasia.com\/wp-content\/uploads\/2024\/11\/@photobymuchocamino_NA_BORDAiGNASIA-3_websize-683x1024.jpg","type":"","width":"","height":""}],"twitter_card":"summary_large_image","schema":{"@context":"https:\/\/schema.org","@graph":[{"@type":"WebPage","@id":"https:\/\/bordaignasia.com\/en\/where-are-we\/","url":"https:\/\/bordaignasia.com\/en\/where-are-we\/","name":"Where are we? - Borda Ignasia","isPartOf":{"@id":"https:\/\/bordaignasia.com\/en\/#website"},"primaryImageOfPage":{"@id":"https:\/\/bordaignasia.com\/en\/where-are-we\/#primaryimage"},"image":{"@id":"https:\/\/bordaignasia.com\/en\/where-are-we\/#primaryimage"},"thumbnailUrl":"https:\/\/bordaignasia.com\/wp-content\/uploads\/2024\/11\/@photobymuchocamino_NA_BORDAiGNASIA-3_websize-683x1024.jpg","datePublished":"2024-11-25T21:26:03+00:00","dateModified":"2025-05-15T11:18:22+00:00","breadcrumb":{"@id":"https:\/\/bordaignasia.com\/en\/where-are-we\/#breadcrumb"},"inLanguage":"en-US","potentialAction":[{"@type":"ReadAction","target":["https:\/\/bordaignasia.com\/en\/where-are-we\/"]}]},{"@type":"ImageObject","inLanguage":"en-US","@id":"https:\/\/bordaignasia.com\/en\/where-are-we\/#primaryimage","url":"https:\/\/bordaignasia.com\/wp-content\/uploads\/2024\/11\/@photobymuchocamino_NA_BORDAiGNASIA-3_websize-683x1024.jpg","contentUrl":"https:\/\/bordaignasia.com\/wp-content\/uploads\/2024\/11\/@photobymuchocamino_NA_BORDAiGNASIA-3_websize-683x1024.jpg"},{"@type":"BreadcrumbList","@id":"https:\/\/bordaignasia.com\/en\/where-are-we\/#breadcrumb","itemListElement":[{"@type":"ListItem","position":1,"name":"Inici","item":"https:\/\/bordaignasia.com\/en\/"},{"@type":"ListItem","position":2,"name":"Where are we?"}]},{"@type":"WebSite","@id":"https:\/\/bordaignasia.com\/en\/#website","url":"https:\/\/bordaignasia.com\/en\/","name":"Borda Ignasia","description":"Mountain Bistrot","publisher":{"@id":"https:\/\/bordaignasia.com\/en\/#organization"},"potentialAction":[{"@type":"SearchAction","target":{"@type":"EntryPoint","urlTemplate":"https:\/\/bordaignasia.com\/en\/?s={search_term_string}"},"query-input":{"@type":"PropertyValueSpecification","valueRequired":true,"valueName":"search_term_string"}}],"inLanguage":"en-US"},{"@type":"Organization","@id":"https:\/\/bordaignasia.com\/en\/#organization","name":"Borda Ignasia","url":"https:\/\/bordaignasia.com\/en\/","logo":{"@type":"ImageObject","inLanguage":"en-US","@id":"https:\/\/bordaignasia.com\/en\/#\/schema\/logo\/image\/","url":"https:\/\/bordaignasia.com\/wp-content\/uploads\/2024\/11\/logo-borda.svg","contentUrl":"https:\/\/bordaignasia.com\/wp-content\/uploads\/2024\/11\/logo-borda.svg","width":465,"height":155,"caption":"Borda Ignasia"},"image":{"@id":"https:\/\/bordaignasia.com\/en\/#\/schema\/logo\/image\/"}}]}},"_links":{"self":[{"href":"https:\/\/bordaignasia.com\/en\/wp-json\/wp\/v2\/pages\/1002","targetHints":{"allow":["GET"]}}],"collection":[{"href":"https:\/\/bordaignasia.com\/en\/wp-json\/wp\/v2\/pages"}],"about":[{"href":"https:\/\/bordaignasia.com\/en\/wp-json\/wp\/v2\/types\/page"}],"author":[{"embeddable":true,"href":"https:\/\/bordaignasia.com\/en\/wp-json\/wp\/v2\/users\/2"}],"replies":[{"embeddable":true,"href":"https:\/\/bordaignasia.com\/en\/wp-json\/wp\/v2\/comments?post=1002"}],"version-history":[{"count":1,"href":"https:\/\/bordaignasia.com\/en\/wp-json\/wp\/v2\/pages\/1002\/revisions"}],"predecessor-version":[{"id":1004,"href":"https:\/\/bordaignasia.com\/en\/wp-json\/wp\/v2\/pages\/1002\/revisions\/1004"}],"wp:attachment":[{"href":"https:\/\/bordaignasia.com\/en\/wp-json\/wp\/v2\/media?parent=1002"}],"curies":[{"name":"wp","href":"https:\/\/api.w.org\/{rel}","templated":true}]}}